{"id":8,"date":"2019-12-28T16:35:37","date_gmt":"2019-12-28T16:35:37","guid":{"rendered":"http:\/\/xn--eimosuraai-z9bi88a.lt\/?page_id=8"},"modified":"2023-10-19T10:31:11","modified_gmt":"2023-10-19T08:31:11","slug":"apie","status":"publish","type":"page","link":"https:\/\/xn--eimosuraai-z9bi88a.lt\/?page_id=8","title":{"rendered":"Apie"},"content":{"rendered":"\n<p>Mes-\u0161eima.  \u017dmona ir vyras, Gintar\u0117 ir Liudvikas,  auginame du nuostabius vaikus. U\u017era\u0161in\u0117jam \u010dia savo gyvenimi\u0161kas patirtis, nuotykius, dalinam\u0117s praktiniais patarimais ir maisto gaminimo receptais. \u017dymime aktualias mums temas, knygas, filmus ir tt.<\/p>\n","protected":false},"excerpt":{"rendered":"<p>Mes-\u0161eima. \u017dmona ir vyras, Gintar\u0117 ir Liudvikas, auginame du nuostabius vaikus. U\u017era\u0161in\u0117jam \u010dia savo gyvenimi\u0161kas patirtis, nuotykius, dalinam\u0117s praktiniais patarimais [&hellip;]<\/p>\n","protected":false},"author":1,"featured_media":0,"parent":0,"menu_order":0,"comment_status":"closed","ping_status":"closed","template":"","meta":{"_monsterinsights_skip_tracking":false,"_monsterinsights_sitenote_active":false,"_monsterinsights_sitenote_note":"","_monsterinsights_sitenote_category":0,"footnotes":""},"class_list":["post-8","page","type-page","status-publish","hentry"],"_links":{"self":[{"href":"https:\/\/xn--eimosuraai-z9bi88a.lt\/index.php?rest_route=\/wp\/v2\/pages\/8","targetHints":{"allow":["GET"]}}],"collection":[{"href":"https:\/\/xn--eimosuraai-z9bi88a.lt\/index.php?rest_route=\/wp\/v2\/pages"}],"about":[{"href":"https:\/\/xn--eimosuraai-z9bi88a.lt\/index.php?rest_route=\/wp\/v2\/types\/page"}],"author":[{"embeddable":true,"href":"https:\/\/xn--eimosuraai-z9bi88a.lt\/index.php?rest_route=\/wp\/v2\/users\/1"}],"replies":[{"embeddable":true,"href":"https:\/\/xn--eimosuraai-z9bi88a.lt\/index.php?rest_route=%2Fwp%2Fv2%2Fcomments&post=8"}],"version-history":[{"count":5,"href":"https:\/\/xn--eimosuraai-z9bi88a.lt\/index.php?rest_route=\/wp\/v2\/pages\/8\/revisions"}],"predecessor-version":[{"id":341,"href":"https:\/\/xn--eimosuraai-z9bi88a.lt\/index.php?rest_route=\/wp\/v2\/pages\/8\/revisions\/341"}],"wp:attachment":[{"href":"https:\/\/xn--eimosuraai-z9bi88a.lt\/index.php?rest_route=%2Fwp%2Fv2%2Fmedia&parent=8"}],"curies":[{"name":"wp","href":"https:\/\/api.w.org\/{rel}","templated":true}]}}